{"id":134,"date":"2024-12-11T14:50:42","date_gmt":"2024-12-11T13:50:42","guid":{"rendered":"https:\/\/ksop.click.si\/?page_id=134"},"modified":"2025-01-10T15:37:46","modified_gmt":"2025-01-10T14:37:46","slug":"kontakt","status":"publish","type":"page","link":"https:\/\/ksop.click.si\/en\/kontakt\/","title":{"rendered":"Contact"},"content":{"rendered":"<div data-elementor-type=\"wp-page\" data-elementor-id=\"134\" class=\"elementor elementor-134\" data-elementor-post-type=\"page\">\n\t\t\t\t<div class=\"elementor-element elementor-element-bd2e86b e-flex e-con-boxed e-con e-parent\" data-id=\"bd2e86b\" data-element_type=\"container\" data-settings=\"{&quot;background_background&quot;:&quot;classic&quot;}\">\n\t\t\t\t\t<div class=\"e-con-inner\">\n\t\t\t\t<div class=\"elementor-element elementor-element-494f892 elementor-widget__width-auto elementor-fixed sticker elementor-widget elementor-widget-image\" data-id=\"494f892\" data-element_type=\"widget\" data-settings=\"{&quot;_position&quot;:&quot;fixed&quot;}\" data-widget_type=\"image.default\">\n\t\t\t\t<div class=\"elementor-widget-container\">\n\t\t\t\t\t\t\t\t\t\t\t\t\t\t\t\t<a href=\"https:\/\/ksop.click.si\/en\/vclani-se\/\">\n\t\t\t\t\t\t\t<img fetchpriority=\"high\" decoding=\"async\" width=\"241\" height=\"240\" src=\"https:\/\/ksop.click.si\/wp-content\/uploads\/2024\/12\/sticker.png\" class=\"attachment-large size-large wp-image-33\" alt=\"\" srcset=\"https:\/\/ksop.click.si\/wp-content\/uploads\/2024\/12\/sticker.png 241w, https:\/\/ksop.click.si\/wp-content\/uploads\/2024\/12\/sticker-150x150.png 150w\" sizes=\"(max-width: 241px) 100vw, 241px\" \/>\t\t\t\t\t\t\t\t<\/a>\n\t\t\t\t\t\t\t\t\t\t\t\t\t\t\t<\/div>\n\t\t\t\t<\/div>\n\t\t\t\t\t<\/div>\n\t\t\t\t<\/div>\n\t\t<div class=\"elementor-element elementor-element-4777010 e-flex e-con-boxed e-con e-parent\" data-id=\"4777010\" data-element_type=\"container\" data-settings=\"{&quot;background_background&quot;:&quot;classic&quot;}\">\n\t\t\t\t\t<div class=\"e-con-inner\">\n\t\t<div class=\"elementor-element elementor-element-edbb022 e-con-full e-flex e-con e-child\" data-id=\"edbb022\" data-element_type=\"container\" data-settings=\"{&quot;background_background&quot;:&quot;classic&quot;}\">\n\t\t\t\t<div class=\"elementor-element elementor-element-851bd37 elementor-widget elementor-widget-image\" data-id=\"851bd37\" data-element_type=\"widget\" data-widget_type=\"image.default\">\n\t\t\t\t<div class=\"elementor-widget-container\">\n\t\t\t\t\t\t\t\t\t\t\t\t\t\t\t<img decoding=\"async\" width=\"143\" height=\"185\" src=\"https:\/\/ksop.click.si\/wp-content\/uploads\/2025\/01\/BrownPackingTape-22.png\" class=\"attachment-full size-full wp-image-1604\" alt=\"\" \/>\t\t\t\t\t\t\t\t\t\t\t\t\t\t\t<\/div>\n\t\t\t\t<\/div>\n\t\t\t\t<div class=\"elementor-element elementor-element-b113fc9 elementor-widget elementor-widget-premium-addon-maps\" data-id=\"b113fc9\" data-element_type=\"widget\" data-widget_type=\"premium-addon-maps.default\">\n\t\t\t\t<div class=\"elementor-widget-container\">\n\t\t\t\t\t\n\t<div class=\"premium-maps-container\" id=\"premium-maps-container\">\n\n\t\t\n\t\t\t<div class=\"premium_maps_map_height\" data-settings=\"{&quot;zoom&quot;:14,&quot;maptype&quot;:&quot;roadmap&quot;,&quot;streetViewControl&quot;:false,&quot;centerlat&quot;:&quot;45.50584910000001&quot;,&quot;centerlong&quot;:&quot;13.6070554&quot;,&quot;scrollwheel&quot;:false,&quot;fullScreen&quot;:false,&quot;zoomControl&quot;:false,&quot;typeControl&quot;:false,&quot;automaticOpen&quot;:false,&quot;hoverOpen&quot;:false,&quot;hoverClose&quot;:false,&quot;cluster&quot;:false,&quot;cluster_icon&quot;:&quot;&quot;,&quot;cluster_icon_size&quot;:&quot;&quot;,&quot;drag&quot;:&quot;&quot;,&quot;loadScroll&quot;:&quot;&quot;}\" data-style=\"\">\n\t\t\t\t\n\t\t\t<div class=\"premium-pin elementor-invisible\" data-lng=\"13.6070554\" data-lat=\"45.50584910000001\" data-icon=\"https:\/\/ksop.si\/wp-content\/uploads\/2024\/12\/marker.png\" data-icon-size=\"100\" data-max-width=\"1000\" data-activated=\"\">\n\t\t\t\t\t\t\t\t\t<div class='premium-maps-info-container'>\n\n\t\t\t\t\t\t<div class='premium-maps-title-wrap'>\n\t\t\t\t\t\t\t<p class='premium-maps-info-title'>K\u0160OP - Klub \u0161tudentov ob\u010dine Piran<\/p>\n\t\t\t\t\t\t<\/div>\n\n\t\t\t\t\t\t<div class='premium-maps-info-desc'>\n\t\t\t\t\t\t\t\t\t\t\t\t\t<\/div>\n\n\t\t\t\t\t<\/div>\n\t\t\t\t\t\t\t<\/div>\n\n\t\t\n\t\t\t\t\t\n\t\t\t<\/div>\n\n\t\t\n\t<\/div>\n\n\t\t\t\t\t\t<\/div>\n\t\t\t\t<\/div>\n\t\t\t\t<div class=\"elementor-element elementor-element-0331de9 elementor-align-justify elementor-widget elementor-widget-button\" data-id=\"0331de9\" data-element_type=\"widget\" data-widget_type=\"button.default\">\n\t\t\t\t<div class=\"elementor-widget-container\">\n\t\t\t\t\t\t\t\t\t<div class=\"elementor-button-wrapper\">\n\t\t\t\t\t<a class=\"elementor-button elementor-button-link elementor-size-sm\" href=\"https:\/\/www.google.com\/maps\/dir\/\/Klub+%C5%A1tudentov+ob%C4%8Dine+Piran+-+Club+Degli+Studenti+del+Comune+Di+Pirano,+Fazanska+ulica+1,+6320+Portoro%C5%BE\/@45.5058636,13.6045251,17z\/data=!4m8!4m7!1m0!1m5!1m1!1s0x477b64e0e67066e7:0xb48ac4a1e88342ae!2m2!1d13.607043!2d45.5057462?entry=ttu&#038;g_ep=EgoyMDI0MTIxMS4wIKXMDSoASAFQAw%3D%3D\" target=\"_blank\">\n\t\t\t\t\t\t<span class=\"elementor-button-content-wrapper\">\n\t\t\t\t\t\t\t\t\t<span class=\"elementor-button-text\">The way to us<\/span>\n\t\t\t\t\t<\/span>\n\t\t\t\t\t<\/a>\n\t\t\t\t<\/div>\n\t\t\t\t\t\t\t\t<\/div>\n\t\t\t\t<\/div>\n\t\t\t\t<div class=\"elementor-element elementor-element-58c5e1b elementor-absolute e-transform elementor-widget elementor-widget-image\" data-id=\"58c5e1b\" data-element_type=\"widget\" data-settings=\"{&quot;_position&quot;:&quot;absolute&quot;,&quot;_transform_rotateZ_effect&quot;:{&quot;unit&quot;:&quot;px&quot;,&quot;size&quot;:-3,&quot;sizes&quot;:[]},&quot;_transform_rotateZ_effect_tablet&quot;:{&quot;unit&quot;:&quot;deg&quot;,&quot;size&quot;:&quot;&quot;,&quot;sizes&quot;:[]},&quot;_transform_rotateZ_effect_mobile&quot;:{&quot;unit&quot;:&quot;deg&quot;,&quot;size&quot;:&quot;&quot;,&quot;sizes&quot;:[]}}\" data-widget_type=\"image.default\">\n\t\t\t\t<div class=\"elementor-widget-container\">\n\t\t\t\t\t\t\t\t\t\t\t\t\t\t\t<img decoding=\"async\" width=\"130\" height=\"130\" src=\"https:\/\/ksop.click.si\/wp-content\/uploads\/2024\/12\/smiley.svg\" class=\"attachment-large size-large wp-image-348\" alt=\"\" \/>\t\t\t\t\t\t\t\t\t\t\t\t\t\t\t<\/div>\n\t\t\t\t<\/div>\n\t\t\t\t<\/div>\n\t\t<div class=\"elementor-element elementor-element-b2c9c83 e-con-full e-flex e-con e-child\" data-id=\"b2c9c83\" data-element_type=\"container\">\n\t\t<div class=\"elementor-element elementor-element-ef6a4a8 e-con-full e-flex e-con e-child\" data-id=\"ef6a4a8\" data-element_type=\"container\">\n\t\t\t\t<div class=\"elementor-element elementor-element-a9efb9f elementor-widget elementor-widget-heading\" data-id=\"a9efb9f\" data-element_type=\"widget\" data-widget_type=\"heading.default\">\n\t\t\t\t<div class=\"elementor-widget-container\">\n\t\t\t\t\t<h1 class=\"elementor-heading-title elementor-size-default\">Contact<\/h1>\t\t\t\t<\/div>\n\t\t\t\t<\/div>\n\t\t\t\t<div class=\"elementor-element elementor-element-96b7db5 elementor-widget elementor-widget-heading\" data-id=\"96b7db5\" data-element_type=\"widget\" data-widget_type=\"heading.default\">\n\t\t\t\t<div class=\"elementor-widget-container\">\n\t\t\t\t\t<p class=\"elementor-heading-title elementor-size-default\">Club's president<\/p>\t\t\t\t<\/div>\n\t\t\t\t<\/div>\n\t\t\t\t<div class=\"elementor-element elementor-element-fa553bb elementor-widget elementor-widget-text-editor\" data-id=\"fa553bb\" data-element_type=\"widget\" data-widget_type=\"text-editor.default\">\n\t\t\t\t<div class=\"elementor-widget-container\">\n\t\t\t\t\t\t\t\t\t<p>Sara Gr\u017eini\u0107<br \/><a style=\"color: #fff;\" href=\"mailto:predsednik@ksop.si\">predsednik@ksop.si<\/a><\/p>\t\t\t\t\t\t\t\t<\/div>\n\t\t\t\t<\/div>\n\t\t\t\t<div class=\"elementor-element elementor-element-084804a elementor-widget elementor-widget-heading\" data-id=\"084804a\" data-element_type=\"widget\" data-widget_type=\"heading.default\">\n\t\t\t\t<div class=\"elementor-widget-container\">\n\t\t\t\t\t<p class=\"elementor-heading-title elementor-size-default\">address<\/p>\t\t\t\t<\/div>\n\t\t\t\t<\/div>\n\t\t\t\t<div class=\"elementor-element elementor-element-3bb316e elementor-widget elementor-widget-text-editor\" data-id=\"3bb316e\" data-element_type=\"widget\" data-widget_type=\"text-editor.default\">\n\t\t\t\t<div class=\"elementor-widget-container\">\n\t\t\t\t\t\t\t\t\t<p>Fazanska ulica 1<br \/>6320 Portoro\u017e<\/p>\t\t\t\t\t\t\t\t<\/div>\n\t\t\t\t<\/div>\n\t\t\t\t<div class=\"elementor-element elementor-element-7f5c1f3 elementor-widget elementor-widget-heading\" data-id=\"7f5c1f3\" data-element_type=\"widget\" data-widget_type=\"heading.default\">\n\t\t\t\t<div class=\"elementor-widget-container\">\n\t\t\t\t\t<p class=\"elementor-heading-title elementor-size-default\">e-mail<\/p>\t\t\t\t<\/div>\n\t\t\t\t<\/div>\n\t\t\t\t<div class=\"elementor-element elementor-element-f1b3106 elementor-widget elementor-widget-text-editor\" data-id=\"f1b3106\" data-element_type=\"widget\" data-widget_type=\"text-editor.default\">\n\t\t\t\t<div class=\"elementor-widget-container\">\n\t\t\t\t\t\t\t\t\t<p><a style=\"color: #fff;\" href=\"mailto:klubstudentovobcinepiran@gmail.com\">klubstudentovobcinepiran@gmail.com<\/a><br \/><a style=\"color: #fff;\" href=\"mailto:predsednik@ksop.si\">predsednik@ksop.si<\/a><br \/><a style=\"color: #fff;\" href=\"mailto:dijaki@ksop.si\">dijaki@ksop.si<\/a><\/p>\t\t\t\t\t\t\t\t<\/div>\n\t\t\t\t<\/div>\n\t\t\t\t<\/div>\n\t\t<div class=\"elementor-element elementor-element-d979329 e-con-full e-flex e-con e-child\" data-id=\"d979329\" data-element_type=\"container\">\n\t\t\t\t<div class=\"elementor-element elementor-element-711c732 elementor-widget elementor-widget-heading\" data-id=\"711c732\" data-element_type=\"widget\" data-widget_type=\"heading.default\">\n\t\t\t\t<div class=\"elementor-widget-container\">\n\t\t\t\t\t<h1 class=\"elementor-heading-title elementor-size-default\">Working<br>hours<\/h1>\t\t\t\t<\/div>\n\t\t\t\t<\/div>\n\t\t\t\t<div class=\"elementor-element elementor-element-a9e04f1 elementor-widget elementor-widget-heading\" data-id=\"a9e04f1\" data-element_type=\"widget\" data-widget_type=\"heading.default\">\n\t\t\t\t<div class=\"elementor-widget-container\">\n\t\t\t\t\t<p class=\"elementor-heading-title elementor-size-default\">Office hours<\/p>\t\t\t\t<\/div>\n\t\t\t\t<\/div>\n\t\t\t\t<div class=\"elementor-element elementor-element-b39ed0c elementor-widget elementor-widget-text-editor\" data-id=\"b39ed0c\" data-element_type=\"widget\" data-widget_type=\"text-editor.default\">\n\t\t\t\t<div class=\"elementor-widget-container\">\n\t\t\t\t\t\t\t\t\t<p>\u010cetrtek od\u00a016.00\u00a0do\u00a018.00<br \/>Sobota od\u00a010.00\u00a0do\u00a013.00<\/p>\t\t\t\t\t\t\t\t<\/div>\n\t\t\t\t<\/div>\n\t\t\t\t<div class=\"elementor-element elementor-element-8b5e887 elementor-widget elementor-widget-heading\" data-id=\"8b5e887\" data-element_type=\"widget\" data-widget_type=\"heading.default\">\n\t\t\t\t<div class=\"elementor-widget-container\">\n\t\t\t\t\t<h1 class=\"elementor-heading-title elementor-size-default\">Data<\/h1>\t\t\t\t<\/div>\n\t\t\t\t<\/div>\n\t\t\t\t<div class=\"elementor-element elementor-element-9cf710f elementor-widget elementor-widget-text-editor\" data-id=\"9cf710f\" data-element_type=\"widget\" data-widget_type=\"text-editor.default\">\n\t\t\t\t<div class=\"elementor-widget-container\">\n\t\t\t\t\t\t\t\t\t<p>VAT: 63158957<br \/>Matriculation number: 5669774000<\/p>\t\t\t\t\t\t\t\t<\/div>\n\t\t\t\t<\/div>\n\t\t\t\t<\/div>\n\t\t\t\t<\/div>\n\t\t\t\t\t<\/div>\n\t\t\t\t<\/div>\n\t\t\t\t<\/div>","protected":false},"excerpt":{"rendered":"<p>K\u0160OP &#8211; Klub \u0161tudentov ob\u010dine Piran Pot do nas Kontakt predsednica kluba Sara Gr\u017eini\u0107predsednik@ksop.si naslov Fazanska ulica 16320 Portoro\u017e elektronska po\u0161ta klubstudentovobcinepiran@gmail.compredsednik@ksop.sidijaki@ksop.si Urnik uradne ure \u010cetrtek od\u00a016.00\u00a0do\u00a018.00Sobota od\u00a010.00\u00a0do\u00a013.00 Podatki D\u0160: 63158957M\u0160: 5669774000<\/p>","protected":false},"author":1,"featured_media":0,"parent":0,"menu_order":0,"comment_status":"closed","ping_status":"closed","template":"","meta":{"_acf_changed":false,"inline_featured_image":false,"_monsterinsights_skip_tracking":false,"_monsterinsights_sitenote_active":false,"_monsterinsights_sitenote_note":"","_monsterinsights_sitenote_category":0,"footnotes":""},"class_list":["post-134","page","type-page","status-publish","hentry"],"acf":[],"aioseo_notices":[],"_links":{"self":[{"href":"https:\/\/ksop.click.si\/en\/wp-json\/wp\/v2\/pages\/134","targetHints":{"allow":["GET"]}}],"collection":[{"href":"https:\/\/ksop.click.si\/en\/wp-json\/wp\/v2\/pages"}],"about":[{"href":"https:\/\/ksop.click.si\/en\/wp-json\/wp\/v2\/types\/page"}],"author":[{"embeddable":true,"href":"https:\/\/ksop.click.si\/en\/wp-json\/wp\/v2\/users\/1"}],"replies":[{"embeddable":true,"href":"https:\/\/ksop.click.si\/en\/wp-json\/wp\/v2\/comments?post=134"}],"version-history":[{"count":52,"href":"https:\/\/ksop.click.si\/en\/wp-json\/wp\/v2\/pages\/134\/revisions"}],"predecessor-version":[{"id":1613,"href":"https:\/\/ksop.click.si\/en\/wp-json\/wp\/v2\/pages\/134\/revisions\/1613"}],"wp:attachment":[{"href":"https:\/\/ksop.click.si\/en\/wp-json\/wp\/v2\/media?parent=134"}],"curies":[{"name":"wp","href":"https:\/\/api.w.org\/{rel}","templated":true}]}}